{"id":63,"date":"2024-05-03T09:51:07","date_gmt":"2024-05-03T09:51:07","guid":{"rendered":"https:\/\/sami-marketing.tempurl.host\/tomahawkfighting-concept\/startseite\/"},"modified":"2024-05-06T09:36:10","modified_gmt":"2024-05-06T09:36:10","slug":"startseite","status":"publish","type":"page","link":"https:\/\/tomahawkfighting-concept.com\/de\/","title":{"rendered":"Startseite"},"content":{"rendered":"<div data-elementor-type=\"wp-page\" data-elementor-id=\"63\" class=\"elementor elementor-63\" data-elementor-post-type=\"page\">\n\t\t\t\t<div class=\"elementor-element elementor-element-74ea4d51 e-con-full e-flex e-con e-parent\" data-id=\"74ea4d51\" data-element_type=\"container\" data-settings=\"{&quot;background_background&quot;:&quot;video&quot;,&quot;background_video_link&quot;:&quot;https:\\\/\\\/www.youtube.com\\\/watch?v=C3CACKhRa_E&amp;t=7s&quot;,&quot;background_play_on_mobile&quot;:&quot;yes&quot;,&quot;background_privacy_mode&quot;:&quot;yes&quot;}\">\n\t\t<div class=\"elementor-background-video-container\">\n\t\t\t\t\t\t\t<div class=\"elementor-background-video-embed\"><\/div>\n\t\t\t\t\t\t<\/div>\t\t<div class=\"elementor-element elementor-element-3cc81399 elementor-widget elementor-widget-heading\" data-id=\"3cc81399\" data-element_type=\"widget\" data-widget_type=\"heading.default\">\n\t\t\t\t<div class=\"elementor-widget-container\">\n\t\t\t\t\t<h2 class=\"elementor-heading-title elementor-size-default\">SAMI-X KAMPFKUNST<\/h2>\t\t\t\t<\/div>\n\t\t\t\t<\/div>\n\t\t\t\t<div class=\"elementor-element elementor-element-11d61002 elementor-widget elementor-widget-heading\" data-id=\"11d61002\" data-element_type=\"widget\" data-widget_type=\"heading.default\">\n\t\t\t\t<div class=\"elementor-widget-container\">\n\t\t\t\t\t<h2 class=\"elementor-heading-title elementor-size-default\">Tomahawk\/Axe-Kampf<\/h2>\t\t\t\t<\/div>\n\t\t\t\t<\/div>\n\t\t\t\t<\/div>\n\t\t<div class=\"elementor-element elementor-element-aea6bf6 e-flex e-con-boxed e-con e-parent\" data-id=\"aea6bf6\" data-element_type=\"container\">\n\t\t\t\t\t<div class=\"e-con-inner\">\n\t\t<div class=\"elementor-element elementor-element-2cef6a04 e-flex e-con-boxed e-con e-child\" data-id=\"2cef6a04\" data-element_type=\"container\">\n\t\t\t\t\t<div class=\"e-con-inner\">\n\t\t\t\t<div class=\"elementor-element elementor-element-9930ca9 elementor-widget elementor-widget-heading\" data-id=\"9930ca9\" data-element_type=\"widget\" data-widget_type=\"heading.default\">\n\t\t\t\t<div class=\"elementor-widget-container\">\n\t\t\t\t\t<h2 class=\"elementor-heading-title elementor-size-default\">Tomahawk-Kampfkonzept<\/h2>\t\t\t\t<\/div>\n\t\t\t\t<\/div>\n\t\t\t\t<div class=\"elementor-element elementor-element-54ad6486 elementor-widget elementor-widget-text-editor\" data-id=\"54ad6486\" data-element_type=\"widget\" data-widget_type=\"text-editor.default\">\n\t\t\t\t<div class=\"elementor-widget-container\">\n\t\t\t\t\t\t\t\t\t<p>SAMI Tomahawk Fighting Concept - wie der Name schon sagt - ist ein Tomahawk\/Axt System, dass auf Kampfkonzepten des Waffentrainings und deren Prinzipien basiert.<\/p><p>Die einh\u00e4ndige Axt oder die indianische Form des Tomahawk, ist eine der \u00e4ltesten Waffen der Menschheit und doch gibt es kaum Trainingsm\u00f6glichkeiten dieser speziellen Waffe. Dies macht dieses System auch so interessant, da es die M\u00f6glichkeit bietet ein hohes Niveau mit dieser Waffe zu erreichen.<\/p><p><strong>Wir behalten uns vor, Personen, die wir charakterlich f\u00fcr ungeeignet halten, abzuweisen. Wir unterrichten nicht die Leute, vor denen wir uns eigentlich sch\u00fctzen wollen!<\/strong><\/p>\t\t\t\t\t\t\t\t<\/div>\n\t\t\t\t<\/div>\n\t\t\t\t\t<\/div>\n\t\t\t\t<\/div>\n\t\t<div class=\"elementor-element elementor-element-5b23536f e-flex e-con-boxed e-con e-child\" data-id=\"5b23536f\" data-element_type=\"container\">\n\t\t\t\t\t<div class=\"e-con-inner\">\n\t\t\t\t<div class=\"elementor-element elementor-element-6a0fbcfc elementor-widget elementor-widget-image\" data-id=\"6a0fbcfc\" data-element_type=\"widget\" data-widget_type=\"image.default\">\n\t\t\t\t<div class=\"elementor-widget-container\">\n\t\t\t\t\t\t\t\t\t\t\t\t\t\t\t<img fetchpriority=\"high\" decoding=\"async\" width=\"800\" height=\"534\" src=\"https:\/\/tomahawkfighting-concept.com\/wp-content\/uploads\/sites\/2\/2024\/05\/DSC00975-1024x684.jpg\" class=\"attachment-large size-large wp-image-153\" alt=\"\" srcset=\"https:\/\/tomahawkfighting-concept.com\/wp-content\/uploads\/sites\/2\/2024\/05\/DSC00975-1024x684.jpg 1024w, https:\/\/tomahawkfighting-concept.com\/wp-content\/uploads\/sites\/2\/2024\/05\/DSC00975-300x200.jpg 300w, https:\/\/tomahawkfighting-concept.com\/wp-content\/uploads\/sites\/2\/2024\/05\/DSC00975-768x513.jpg 768w, https:\/\/tomahawkfighting-concept.com\/wp-content\/uploads\/sites\/2\/2024\/05\/DSC00975-1536x1026.jpg 1536w, https:\/\/tomahawkfighting-concept.com\/wp-content\/uploads\/sites\/2\/2024\/05\/DSC00975-2048x1368.jpg 2048w, https:\/\/tomahawkfighting-concept.com\/wp-content\/uploads\/sites\/2\/2024\/05\/DSC00975-18x12.jpg 18w\" sizes=\"(max-width: 800px) 100vw, 800px\" \/>\t\t\t\t\t\t\t\t\t\t\t\t\t\t\t<\/div>\n\t\t\t\t<\/div>\n\t\t\t\t\t<\/div>\n\t\t\t\t<\/div>\n\t\t\t\t\t<\/div>\n\t\t\t\t<\/div>\n\t\t<div class=\"elementor-element elementor-element-4b66a3ba e-flex e-con-boxed e-con e-parent\" data-id=\"4b66a3ba\" data-element_type=\"container\">\n\t\t\t\t\t<div class=\"e-con-inner\">\n\t\t\t\t<div class=\"elementor-element elementor-element-1e3a2166 elementor-widget elementor-widget-heading\" data-id=\"1e3a2166\" data-element_type=\"widget\" data-widget_type=\"heading.default\">\n\t\t\t\t<div class=\"elementor-widget-container\">\n\t\t\t\t\t<h2 class=\"elementor-heading-title elementor-size-default\">Kurse<\/h2>\t\t\t\t<\/div>\n\t\t\t\t<\/div>\n\t\t\t\t<div class=\"elementor-element elementor-element-b7f3125 elementor-widget elementor-widget-html\" data-id=\"b7f3125\" data-element_type=\"widget\" data-widget_type=\"html.default\">\n\t\t\t\t<div class=\"elementor-widget-container\">\n\t\t\t\t\t<!-- Paste this into the head of your website -->\n<script src=\"https:\/\/embed.sami-x.com\/seminar-grid-elements.js\" defer><\/script>\n<link rel=\"stylesheet\" href=\"https:\/\/embed.sami-x.com\/seminar-grid-elements.css\" \/>\n\n<!-- Paste this into the body of your website -->\n<sami-seminar-grid organizer-id=\"VOunU1DqESuKFQqdLh57\" background=\"culturedWhite\" system=\"axe\" targetgroup=\"\"><\/sami-seminar-grid>\t\t\t\t<\/div>\n\t\t\t\t<\/div>\n\t\t\t\t<div class=\"elementor-element elementor-element-304def7a elementor-widget elementor-widget-spacer\" data-id=\"304def7a\" data-element_type=\"widget\" data-widget_type=\"spacer.default\">\n\t\t\t\t<div class=\"elementor-widget-container\">\n\t\t\t\t\t\t\t<div class=\"elementor-spacer\">\n\t\t\t<div class=\"elementor-spacer-inner\"><\/div>\n\t\t<\/div>\n\t\t\t\t\t\t<\/div>\n\t\t\t\t<\/div>\n\t\t\t\t\t<\/div>\n\t\t\t\t<\/div>\n\t\t<div class=\"elementor-element elementor-element-770b84e8 e-flex e-con-boxed e-con e-parent\" data-id=\"770b84e8\" data-element_type=\"container\">\n\t\t\t\t\t<div class=\"e-con-inner\">\n\t\t\t\t<div class=\"elementor-element elementor-element-232042a elementor-widget elementor-widget-heading\" data-id=\"232042a\" data-element_type=\"widget\" data-widget_type=\"heading.default\">\n\t\t\t\t<div class=\"elementor-widget-container\">\n\t\t\t\t\t<h2 class=\"elementor-heading-title elementor-size-default\">Online-Schulung<\/h2>\t\t\t\t<\/div>\n\t\t\t\t<\/div>\n\t\t<div class=\"elementor-element elementor-element-0a028be e-flex e-con-boxed e-con e-child\" data-id=\"0a028be\" data-element_type=\"container\">\n\t\t\t\t\t<div class=\"e-con-inner\">\n\t\t<div class=\"elementor-element elementor-element-70d3f49 e-flex e-con-boxed e-con e-child\" data-id=\"70d3f49\" data-element_type=\"container\">\n\t\t\t\t\t<div class=\"e-con-inner\">\n\t\t\t\t<div class=\"elementor-element elementor-element-01f81d8 elementor-widget elementor-widget-heading\" data-id=\"01f81d8\" data-element_type=\"widget\" data-widget_type=\"heading.default\">\n\t\t\t\t<div class=\"elementor-widget-container\">\n\t\t\t\t\t<h2 class=\"elementor-heading-title elementor-size-default\">SAMI-X Plattform<\/h2>\t\t\t\t<\/div>\n\t\t\t\t<\/div>\n\t\t\t\t<div class=\"elementor-element elementor-element-ca571e4 elementor-widget elementor-widget-text-editor\" data-id=\"ca571e4\" data-element_type=\"widget\" data-widget_type=\"text-editor.default\">\n\t\t\t\t<div class=\"elementor-widget-container\">\n\t\t\t\t\t\t\t\t\t<p>Entdecke dein Potenzial mit der SAMI-X App, deinem ultimativen Begleiter im Kampfsport- und Selbstverteidigungstraining!<\/p><p>SAMI-X wurde f\u00fcr Enthusiasten aller Niveaus entwickelt und bietet Zugang zu umfassenden Lernpfaden, verschiedenen Schulungsoptionen und einer Bibliothek mit \u00fcber 2000 Videos.<\/p><p>Egal, ob Sie ein Anf\u00e4nger sind, der die Grundlagen erlernen m\u00f6chte, oder ein erfahrener Trainer, der seine F\u00e4higkeiten verfeinern will, SAMI-X passt Ihre Trainingsreise an Ihr Tempo und Ihre Ziele an.<\/p><p>Bleiben Sie motiviert mit regelm\u00e4\u00dfigen Updates, neuen Inhalten und der M\u00f6glichkeit, Ihre Fortschritte zu verfolgen.<\/p><p><strong>Verf\u00fcgbare Kampfsysteme:<\/strong><\/p><ul><li>Krav Maga<\/li><li>Messerkampf<\/li><li>Axt\/Tomahawk-Kampf<\/li><li>Stick Fighting<\/li><li>Panantukan<\/li><\/ul><p>Laden Sie die SAMI-X App noch heute herunter und ver\u00e4ndern Sie die Art und Weise, wie Sie Kampfsport und Selbstverteidigung trainieren - jederzeit und \u00fcberall!<\/p>\t\t\t\t\t\t\t\t<\/div>\n\t\t\t\t<\/div>\n\t\t<div class=\"elementor-element elementor-element-6049660 e-flex e-con-boxed e-con e-child\" data-id=\"6049660\" data-element_type=\"container\">\n\t\t\t\t\t<div class=\"e-con-inner\">\n\t\t\t\t<div class=\"elementor-element elementor-element-8c5aa93 elementor-widget elementor-widget-image\" data-id=\"8c5aa93\" data-element_type=\"widget\" data-widget_type=\"image.default\">\n\t\t\t\t<div class=\"elementor-widget-container\">\n\t\t\t\t\t\t\t\t\t\t\t\t\t\t\t<img decoding=\"async\" width=\"748\" height=\"251\" src=\"https:\/\/tomahawkfighting-concept.com\/wp-content\/uploads\/sites\/2\/2024\/05\/Download_on_the_App_Store_Badge_DE_RGB_blk_092917-1.svg\" class=\"attachment-large size-large wp-image-31\" alt=\"\" \/>\t\t\t\t\t\t\t\t\t\t\t\t\t\t\t<\/div>\n\t\t\t\t<\/div>\n\t\t\t\t<div class=\"elementor-element elementor-element-c67b359 elementor-widget elementor-widget-image\" data-id=\"c67b359\" data-element_type=\"widget\" data-widget_type=\"image.default\">\n\t\t\t\t<div class=\"elementor-widget-container\">\n\t\t\t\t\t\t\t\t\t\t\t\t\t\t\t<img decoding=\"async\" width=\"800\" height=\"237\" src=\"https:\/\/tomahawkfighting-concept.com\/wp-content\/uploads\/sites\/2\/2024\/05\/google-play-badge-4-1.svg\" class=\"attachment-large size-large wp-image-32\" alt=\"\" \/>\t\t\t\t\t\t\t\t\t\t\t\t\t\t\t<\/div>\n\t\t\t\t<\/div>\n\t\t\t\t\t<\/div>\n\t\t\t\t<\/div>\n\t\t\t\t\t<\/div>\n\t\t\t\t<\/div>\n\t\t<div class=\"elementor-element elementor-element-9ff6df9 e-flex e-con-boxed e-con e-child\" data-id=\"9ff6df9\" data-element_type=\"container\">\n\t\t\t\t\t<div class=\"e-con-inner\">\n\t\t\t\t<div class=\"elementor-element elementor-element-015406e elementor-widget elementor-widget-image\" data-id=\"015406e\" data-element_type=\"widget\" data-widget_type=\"image.default\">\n\t\t\t\t<div class=\"elementor-widget-container\">\n\t\t\t\t\t\t\t\t\t\t\t\t\t\t\t<img loading=\"lazy\" decoding=\"async\" width=\"800\" height=\"989\" src=\"https:\/\/tomahawkfighting-concept.com\/wp-content\/uploads\/sites\/2\/2024\/05\/Frame-14644-828x1024.png\" class=\"attachment-large size-large wp-image-33\" alt=\"\" srcset=\"https:\/\/tomahawkfighting-concept.com\/wp-content\/uploads\/sites\/2\/2024\/05\/Frame-14644-828x1024.png 828w, https:\/\/tomahawkfighting-concept.com\/wp-content\/uploads\/sites\/2\/2024\/05\/Frame-14644-242x300.png 242w, https:\/\/tomahawkfighting-concept.com\/wp-content\/uploads\/sites\/2\/2024\/05\/Frame-14644-768x950.png 768w, https:\/\/tomahawkfighting-concept.com\/wp-content\/uploads\/sites\/2\/2024\/05\/Frame-14644-1242x1536.png 1242w, https:\/\/tomahawkfighting-concept.com\/wp-content\/uploads\/sites\/2\/2024\/05\/Frame-14644-1655x2048.png 1655w, https:\/\/tomahawkfighting-concept.com\/wp-content\/uploads\/sites\/2\/2024\/05\/Frame-14644-10x12.png 10w\" sizes=\"(max-width: 800px) 100vw, 800px\" \/>\t\t\t\t\t\t\t\t\t\t\t\t\t\t\t<\/div>\n\t\t\t\t<\/div>\n\t\t\t\t\t<\/div>\n\t\t\t\t<\/div>\n\t\t\t\t\t<\/div>\n\t\t\t\t<\/div>\n\t\t\t\t\t<\/div>\n\t\t\t\t<\/div>\n\t\t\t\t<\/div>","protected":false},"excerpt":{"rendered":"<p>SAMI-X FIGHTING ART Tomahawk\/Axe Fighting Tomahawk Fighting Concept SAMI Tomahawk Fighting Concept ist ein Axt-System, das auf Waffentraining und dessen Prinzipien basiert. Die Axt, oder der Tomahawk der amerikanischen Ureinwohner, ist auch eine der \u00e4ltesten Waffen der Menschheit. Allerdings gibt es nur sehr wenige Trainingssets f\u00fcr diese Art von Waffe. Tomahawk-Training ist [...]<\/p>","protected":false},"author":1,"featured_media":68,"parent":0,"menu_order":0,"comment_status":"closed","ping_status":"closed","template":"elementor_header_footer","meta":{"inline_featured_image":false,"footnotes":""},"class_list":["post-63","page","type-page","status-publish","has-post-thumbnail","hentry"],"_links":{"self":[{"href":"https:\/\/tomahawkfighting-concept.com\/de\/wp-json\/wp\/v2\/pages\/63","targetHints":{"allow":["GET"]}}],"collection":[{"href":"https:\/\/tomahawkfighting-concept.com\/de\/wp-json\/wp\/v2\/pages"}],"about":[{"href":"https:\/\/tomahawkfighting-concept.com\/de\/wp-json\/wp\/v2\/types\/page"}],"author":[{"embeddable":true,"href":"https:\/\/tomahawkfighting-concept.com\/de\/wp-json\/wp\/v2\/users\/1"}],"replies":[{"embeddable":true,"href":"https:\/\/tomahawkfighting-concept.com\/de\/wp-json\/wp\/v2\/comments?post=63"}],"version-history":[{"count":5,"href":"https:\/\/tomahawkfighting-concept.com\/de\/wp-json\/wp\/v2\/pages\/63\/revisions"}],"predecessor-version":[{"id":199,"href":"https:\/\/tomahawkfighting-concept.com\/de\/wp-json\/wp\/v2\/pages\/63\/revisions\/199"}],"wp:featuredmedia":[{"embeddable":true,"href":"https:\/\/tomahawkfighting-concept.com\/de\/wp-json\/wp\/v2\/media\/68"}],"wp:attachment":[{"href":"https:\/\/tomahawkfighting-concept.com\/de\/wp-json\/wp\/v2\/media?parent=63"}],"curies":[{"name":"wp","href":"https:\/\/api.w.org\/{rel}","templated":true}]}}