{"id":98,"date":"2024-05-03T10:03:12","date_gmt":"2024-05-03T10:03:12","guid":{"rendered":"https:\/\/sami-marketing.tempurl.host\/tomahawkfighting-concept\/?page_id=98"},"modified":"2024-05-06T09:37:23","modified_gmt":"2024-05-06T09:37:23","slug":"tomahawk-axe-fighting","status":"publish","type":"page","link":"https:\/\/tomahawkfighting-concept.com\/de\/tomahawk-axe-fighting\/","title":{"rendered":"Tomahawk\/Axe-Kampf"},"content":{"rendered":"<div data-elementor-type=\"wp-page\" data-elementor-id=\"98\" class=\"elementor elementor-98\" data-elementor-post-type=\"page\">\n\t\t\t\t<div class=\"elementor-element elementor-element-3711e17 e-con-full e-flex e-con e-parent\" data-id=\"3711e17\" data-element_type=\"container\" data-settings=\"{&quot;background_background&quot;:&quot;classic&quot;}\">\n\t\t\t\t<div class=\"elementor-element elementor-element-8329a7d elementor-widget elementor-widget-heading\" data-id=\"8329a7d\" data-element_type=\"widget\" data-widget_type=\"heading.default\">\n\t\t\t\t<div class=\"elementor-widget-container\">\n\t\t\t\t\t<h2 class=\"elementor-heading-title elementor-size-default\">SAMI-X KAMPFKUNST<\/h2>\t\t\t\t<\/div>\n\t\t\t\t<\/div>\n\t\t\t\t<div class=\"elementor-element elementor-element-a0fe242 elementor-widget elementor-widget-heading\" data-id=\"a0fe242\" data-element_type=\"widget\" data-widget_type=\"heading.default\">\n\t\t\t\t<div class=\"elementor-widget-container\">\n\t\t\t\t\t<h2 class=\"elementor-heading-title elementor-size-default\">Tomahawk\/Axe-Kampf<\/h2>\t\t\t\t<\/div>\n\t\t\t\t<\/div>\n\t\t\t\t<\/div>\n\t\t<div class=\"elementor-element elementor-element-a1dc36b e-flex e-con-boxed e-con e-parent\" data-id=\"a1dc36b\" data-element_type=\"container\">\n\t\t\t\t\t<div class=\"e-con-inner\">\n\t\t<div class=\"elementor-element elementor-element-d945c1f e-flex e-con-boxed e-con e-child\" data-id=\"d945c1f\" data-element_type=\"container\">\n\t\t\t\t\t<div class=\"e-con-inner\">\n\t\t\t\t<div class=\"elementor-element elementor-element-3daadb7 elementor-widget elementor-widget-heading\" data-id=\"3daadb7\" data-element_type=\"widget\" data-widget_type=\"heading.default\">\n\t\t\t\t<div class=\"elementor-widget-container\">\n\t\t\t\t\t<h2 class=\"elementor-heading-title elementor-size-default\">TOMAHAWK\/AXE<\/h2>\t\t\t\t<\/div>\n\t\t\t\t<\/div>\n\t\t\t\t<div class=\"elementor-element elementor-element-f96821e elementor-widget elementor-widget-text-editor\" data-id=\"f96821e\" data-element_type=\"widget\" data-widget_type=\"text-editor.default\">\n\t\t\t\t<div class=\"elementor-widget-container\">\n\t\t\t\t\t\t\t\t\t<p>Die Axt oder der Tomahawk der amerikanischen Ureinwohner ist auch eine der \u00e4ltesten Waffen der Menschheit. Als Arbeitswerkzeug und Waffe wurde eine Axt (oder Tomahawk) in fast allen Teilen der Welt verwendet. Die Axt ist in der Regel eine kopflastige Waffe mit einem 30-50 cm langen Stiel.<\/p><p>Der Tomahawk ist eine Waffe f\u00fcr den Nahkampf (CQC), genau wie das Messer. Der Hauptvorteil der Waffe ist die Durchschlagskraft, aber auch die M\u00f6glichkeit, die Reichweite durch W\u00fcrgen am Griff (langer oder kurzer Griff) zu ver\u00e4ndern. Eine breite Palette von Techniken mit hoher Schadenswirkung ist m\u00f6glich.  Seit dem Vietnamkrieg verwenden amerikanische Soldaten den taktischen Tomahawk als Arbeitsger\u00e4t und Nahkampfwaffe.<\/p>\t\t\t\t\t\t\t\t<\/div>\n\t\t\t\t<\/div>\n\t\t\t\t\t<\/div>\n\t\t\t\t<\/div>\n\t\t<div class=\"elementor-element elementor-element-e222f14 e-flex e-con-boxed e-con e-child\" data-id=\"e222f14\" data-element_type=\"container\">\n\t\t\t\t\t<div class=\"e-con-inner\">\n\t\t\t\t<div class=\"elementor-element elementor-element-c155305 elementor-widget elementor-widget-image\" data-id=\"c155305\" data-element_type=\"widget\" data-widget_type=\"image.default\">\n\t\t\t\t<div class=\"elementor-widget-container\">\n\t\t\t\t\t\t\t\t\t\t\t\t\t\t\t<img fetchpriority=\"high\" decoding=\"async\" width=\"450\" height=\"300\" src=\"https:\/\/tomahawkfighting-concept.com\/wp-content\/uploads\/sites\/2\/2024\/05\/Tomahawk_Kl.jpg\" class=\"attachment-large size-large wp-image-147\" alt=\"\" srcset=\"https:\/\/tomahawkfighting-concept.com\/wp-content\/uploads\/sites\/2\/2024\/05\/Tomahawk_Kl.jpg 450w, https:\/\/tomahawkfighting-concept.com\/wp-content\/uploads\/sites\/2\/2024\/05\/Tomahawk_Kl-300x200.jpg 300w, https:\/\/tomahawkfighting-concept.com\/wp-content\/uploads\/sites\/2\/2024\/05\/Tomahawk_Kl-18x12.jpg 18w\" sizes=\"(max-width: 450px) 100vw, 450px\" \/>\t\t\t\t\t\t\t\t\t\t\t\t\t\t\t<\/div>\n\t\t\t\t<\/div>\n\t\t\t\t\t<\/div>\n\t\t\t\t<\/div>\n\t\t\t\t\t<\/div>\n\t\t\t\t<\/div>\n\t\t<div class=\"elementor-element elementor-element-4e63f90 e-flex e-con-boxed e-con e-parent\" data-id=\"4e63f90\" data-element_type=\"container\">\n\t\t\t\t\t<div class=\"e-con-inner\">\n\t\t<div class=\"elementor-element elementor-element-f70c16b e-flex e-con-boxed e-con e-child\" data-id=\"f70c16b\" data-element_type=\"container\">\n\t\t\t\t\t<div class=\"e-con-inner\">\n\t\t\t\t<div class=\"elementor-element elementor-element-201fa02 elementor-widget elementor-widget-image\" data-id=\"201fa02\" data-element_type=\"widget\" data-widget_type=\"image.default\">\n\t\t\t\t<div class=\"elementor-widget-container\">\n\t\t\t\t\t\t\t\t\t\t\t\t\t\t\t<img decoding=\"async\" width=\"350\" height=\"524\" src=\"https:\/\/tomahawkfighting-concept.com\/wp-content\/uploads\/sites\/2\/2024\/05\/bild2.jpg\" class=\"attachment-large size-large wp-image-145\" alt=\"\" srcset=\"https:\/\/tomahawkfighting-concept.com\/wp-content\/uploads\/sites\/2\/2024\/05\/bild2.jpg 350w, https:\/\/tomahawkfighting-concept.com\/wp-content\/uploads\/sites\/2\/2024\/05\/bild2-200x300.jpg 200w, https:\/\/tomahawkfighting-concept.com\/wp-content\/uploads\/sites\/2\/2024\/05\/bild2-8x12.jpg 8w\" sizes=\"(max-width: 350px) 100vw, 350px\" \/>\t\t\t\t\t\t\t\t\t\t\t\t\t\t\t<\/div>\n\t\t\t\t<\/div>\n\t\t\t\t\t<\/div>\n\t\t\t\t<\/div>\n\t\t<div class=\"elementor-element elementor-element-4ccc685 e-flex e-con-boxed e-con e-child\" data-id=\"4ccc685\" data-element_type=\"container\">\n\t\t\t\t\t<div class=\"e-con-inner\">\n\t\t\t\t<div class=\"elementor-element elementor-element-c01c27c elementor-widget elementor-widget-text-editor\" data-id=\"c01c27c\" data-element_type=\"widget\" data-widget_type=\"text-editor.default\">\n\t\t\t\t<div class=\"elementor-widget-container\">\n\t\t\t\t\t\t\t\t\t<p>Die ersten Tomahawks wurden mit Holzstielen und K\u00f6pfen aus Knochen, Stein oder Holz hergestellt. Die Europ\u00e4er f\u00fchrten die Metallklinge ein und tauschten die Tomahawks mit den Indianern, die sie im Kampf sehr geschickt einsetzten und sehr zu sch\u00e4tzen wussten. Der Tomahawk ist nicht nur ein praktisches Werkzeug, sondern auch eine effektive Nahkampfwaffe. Der Tomahawk ist nicht nur ein Werkzeug und eine Waffe, sondern auch ein Kulturgut. Der Griff wurde manchmal als Pfeife geschnitzt, reich verzierte Tomahawks wurden als Geschenk weitergegeben. F\u00fcr die amerikanischen Ureinwohner hatte der Tomahawk eine gro\u00dfe symbolische Bedeutung: Einem Freund schenkte man den als Pfeife geschnitzten Schaft, einem Feind den t\u00f6dlichen Kopf der Axt. Auch heute ist der Tomahawk noch in Gebrauch. Im Vietnamkrieg und im Irakkrieg geh\u00f6rte es zur Standardausr\u00fcstung des Milit\u00e4rs.<\/p>\t\t\t\t\t\t\t\t<\/div>\n\t\t\t\t<\/div>\n\t\t\t\t<div class=\"elementor-element elementor-element-fec8459 elementor-widget elementor-widget-text-editor\" data-id=\"fec8459\" data-element_type=\"widget\" data-widget_type=\"text-editor.default\">\n\t\t\t\t<div class=\"elementor-widget-container\">\n\t\t\t\t\t\t\t\t\t<p><strong>Axt - Streitaxt<\/strong><br \/>Streitaxt ist ein Sammelbegriff f\u00fcr \u00c4xte, die im Kampf eingesetzt werden. Vor allem im Europa des Mittelalters wurden Streit\u00e4xte im Nahkampf eingesetzt. \u00c4xte wurden in verschiedenen Kulturen und in verschiedenen Stilen, Gr\u00f6\u00dfen und Materialien verwendet: Stein, Bronze, Eisen und Stahl. Der schwere Kopf erm\u00f6glicht kraftvolle Schl\u00e4ge, die Axt kann mit einer Hand oder mit beiden H\u00e4nden gef\u00fchrt werden.<\/p>\t\t\t\t\t\t\t\t<\/div>\n\t\t\t\t<\/div>\n\t\t\t\t\t<\/div>\n\t\t\t\t<\/div>\n\t\t\t\t\t<\/div>\n\t\t\t\t<\/div>\n\t\t<div class=\"elementor-element elementor-element-14e3dac e-flex e-con-boxed e-con e-parent\" data-id=\"14e3dac\" data-element_type=\"container\">\n\t\t\t\t\t<div class=\"e-con-inner\">\n\t\t\t\t<div class=\"elementor-element elementor-element-b2ca968 elementor-widget elementor-widget-image-gallery\" data-id=\"b2ca968\" data-element_type=\"widget\" data-widget_type=\"image-gallery.default\">\n\t\t\t\t<div class=\"elementor-widget-container\">\n\t\t\t\t\t\t\t<div class=\"elementor-image-gallery\">\n\t\t\t<div id='gallery-1' class='gallery galleryid-98 gallery-columns-3 gallery-size-medium'><figure class='gallery-item'>\n\t\t\t<div class='gallery-icon landscape'>\n\t\t\t\t<img decoding=\"async\" width=\"300\" height=\"300\" src=\"https:\/\/tomahawkfighting-concept.com\/wp-content\/uploads\/sites\/2\/2024\/05\/xx-300x300.jpg\" class=\"attachment-medium size-medium\" alt=\"\" srcset=\"https:\/\/tomahawkfighting-concept.com\/wp-content\/uploads\/sites\/2\/2024\/05\/xx-300x300.jpg 300w, https:\/\/tomahawkfighting-concept.com\/wp-content\/uploads\/sites\/2\/2024\/05\/xx-150x150.jpg 150w, https:\/\/tomahawkfighting-concept.com\/wp-content\/uploads\/sites\/2\/2024\/05\/xx-12x12.jpg 12w, https:\/\/tomahawkfighting-concept.com\/wp-content\/uploads\/sites\/2\/2024\/05\/xx.jpg 600w\" sizes=\"(max-width: 300px) 100vw, 300px\" \/>\n\t\t\t<\/div><\/figure><figure class='gallery-item'>\n\t\t\t<div class='gallery-icon landscape'>\n\t\t\t\t<img loading=\"lazy\" decoding=\"async\" width=\"300\" height=\"300\" src=\"https:\/\/tomahawkfighting-concept.com\/wp-content\/uploads\/sites\/2\/2024\/05\/xxx-300x300.jpg\" class=\"attachment-medium size-medium\" alt=\"\" srcset=\"https:\/\/tomahawkfighting-concept.com\/wp-content\/uploads\/sites\/2\/2024\/05\/xxx-300x300.jpg 300w, https:\/\/tomahawkfighting-concept.com\/wp-content\/uploads\/sites\/2\/2024\/05\/xxx-150x150.jpg 150w, https:\/\/tomahawkfighting-concept.com\/wp-content\/uploads\/sites\/2\/2024\/05\/xxx-12x12.jpg 12w, https:\/\/tomahawkfighting-concept.com\/wp-content\/uploads\/sites\/2\/2024\/05\/xxx.jpg 600w\" sizes=\"(max-width: 300px) 100vw, 300px\" \/>\n\t\t\t<\/div><\/figure><figure class='gallery-item'>\n\t\t\t<div class='gallery-icon landscape'>\n\t\t\t\t<img loading=\"lazy\" decoding=\"async\" width=\"300\" height=\"260\" src=\"https:\/\/tomahawkfighting-concept.com\/wp-content\/uploads\/sites\/2\/2024\/05\/bild3-300x260-1.jpg\" class=\"attachment-medium size-medium\" alt=\"\" srcset=\"https:\/\/tomahawkfighting-concept.com\/wp-content\/uploads\/sites\/2\/2024\/05\/bild3-300x260-1.jpg 300w, https:\/\/tomahawkfighting-concept.com\/wp-content\/uploads\/sites\/2\/2024\/05\/bild3-300x260-1-14x12.jpg 14w\" sizes=\"(max-width: 300px) 100vw, 300px\" \/>\n\t\t\t<\/div><\/figure>\n\t\t<\/div>\n\t\t<\/div>\n\t\t\t\t\t\t<\/div>\n\t\t\t\t<\/div>\n\t\t\t\t\t<\/div>\n\t\t\t\t<\/div>\n\t\t\t\t<\/div>","protected":false},"excerpt":{"rendered":"<p>SAMI-X FIGHTING ART Tomahawk\/Axe Fighting TOMAHAWK\/AXE Die Axt oder der Tomahawk der Ureinwohner Amerikas ist auch eine der \u00e4ltesten Waffen der Menschheit. Als Arbeitswerkzeug und Waffe wurde die Axt (oder Tomahawk) in fast allen Teilen der Welt verwendet. Die Axt ist meist eine kopflastige Waffe mit einem 30-50 cm langen Stiel. Der Tomahawk ist ein [...]<\/p>","protected":false},"author":1,"featured_media":0,"parent":0,"menu_order":0,"comment_status":"closed","ping_status":"closed","template":"","meta":{"inline_featured_image":false,"footnotes":""},"class_list":["post-98","page","type-page","status-publish","hentry"],"_links":{"self":[{"href":"https:\/\/tomahawkfighting-concept.com\/de\/wp-json\/wp\/v2\/pages\/98","targetHints":{"allow":["GET"]}}],"collection":[{"href":"https:\/\/tomahawkfighting-concept.com\/de\/wp-json\/wp\/v2\/pages"}],"about":[{"href":"https:\/\/tomahawkfighting-concept.com\/de\/wp-json\/wp\/v2\/types\/page"}],"author":[{"embeddable":true,"href":"https:\/\/tomahawkfighting-concept.com\/de\/wp-json\/wp\/v2\/users\/1"}],"replies":[{"embeddable":true,"href":"https:\/\/tomahawkfighting-concept.com\/de\/wp-json\/wp\/v2\/comments?post=98"}],"version-history":[{"count":5,"href":"https:\/\/tomahawkfighting-concept.com\/de\/wp-json\/wp\/v2\/pages\/98\/revisions"}],"predecessor-version":[{"id":205,"href":"https:\/\/tomahawkfighting-concept.com\/de\/wp-json\/wp\/v2\/pages\/98\/revisions\/205"}],"wp:attachment":[{"href":"https:\/\/tomahawkfighting-concept.com\/de\/wp-json\/wp\/v2\/media?parent=98"}],"curies":[{"name":"wp","href":"https:\/\/api.w.org\/{rel}","templated":true}]}}